{"id":312,"date":"2022-12-27T14:32:03","date_gmt":"2022-12-27T13:32:03","guid":{"rendered":"https:\/\/jetos.hr\/reference-engleski\/"},"modified":"2024-11-20T11:24:22","modified_gmt":"2024-11-20T10:24:22","slug":"references","status":"publish","type":"page","link":"https:\/\/jetos.hr\/en\/references\/","title":{"rendered":"References"},"content":{"rendered":"<div id=\"cs-content\" class=\"cs-content\"><\/div>\n","protected":false},"excerpt":{"rendered":"<p>RELIABLE LIGHTING PARTNER\u201cIn the right light, at the right time. Everything is extraordinary.\u201d Aaron RoseReferencesRudnik Zrinski &#8211; PP MedvednicaBistro Schampini &#8211; OsijekMarble Steakhouse &#8211; Zagreb201 Studio &#8211; ZagrebSamostan sv. Kri\u017ea &#8211; Tvr\u0111a, OsijekRegent Bar &#8211; \u0110akovoLiving Room &#8211; ZagrebOrdinacija dr.med.dent. Ana Petrvi\u0107 &#8211; OsijekPoliklinika Faktor zdravlje, ZagrebSanta Domenica &#8211; OsijekSanta Domenica &#8211; ZadarHAPIH Kri\u017eevciSISTEMA-d.o.o.&#8212;PulaH&#038;MV&#8212;OsijekVilla Privlaka &#8211; PrivlakaO\u0160. Ve\u0107eslava Holjevca &#8211; &#8230; <\/p>\n<div><a href=\"https:\/\/jetos.hr\/en\/references\/\" class=\"more-link\">Read More<\/a><\/div>\n","protected":false},"author":1,"featured_media":0,"parent":0,"menu_order":0,"comment_status":"closed","ping_status":"closed","template":"template-blank-4.php","meta":{"footnotes":""},"class_list":["post-312","page","type-page","status-publish","hentry","no-post-thumbnail"],"_links":{"self":[{"href":"https:\/\/jetos.hr\/en\/wp-json\/wp\/v2\/pages\/312","targetHints":{"allow":["GET"]}}],"collection":[{"href":"https:\/\/jetos.hr\/en\/wp-json\/wp\/v2\/pages"}],"about":[{"href":"https:\/\/jetos.hr\/en\/wp-json\/wp\/v2\/types\/page"}],"author":[{"embeddable":true,"href":"https:\/\/jetos.hr\/en\/wp-json\/wp\/v2\/users\/1"}],"replies":[{"embeddable":true,"href":"https:\/\/jetos.hr\/en\/wp-json\/wp\/v2\/comments?post=312"}],"version-history":[{"count":5,"href":"https:\/\/jetos.hr\/en\/wp-json\/wp\/v2\/pages\/312\/revisions"}],"predecessor-version":[{"id":319,"href":"https:\/\/jetos.hr\/en\/wp-json\/wp\/v2\/pages\/312\/revisions\/319"}],"wp:attachment":[{"href":"https:\/\/jetos.hr\/en\/wp-json\/wp\/v2\/media?parent=312"}],"curies":[{"name":"wp","href":"https:\/\/api.w.org\/{rel}","templated":true}]}}